{"id":169,"date":"2014-12-24T11:34:23","date_gmt":"2014-12-24T11:34:23","guid":{"rendered":"https:\/\/uphill.cat\/?page_id=169"},"modified":"2025-08-19T13:00:35","modified_gmt":"2025-08-19T13:00:35","slug":"blog-es","status":"publish","type":"page","link":"https:\/\/uphill.cat\/es\/blog-es\/","title":{"rendered":"Blog"},"content":{"rendered":"<p>[et_pb_section admin_label=\u00bbsection\u00bb][et_pb_row admin_label=\u00bbrow\u00bb][et_pb_column type=\u00bb4_4&#8243;][et_pb_blog admin_label=\u00bbBlog\u00bb fullwidth=\u00bboff\u00bb meta_date=\u00bbd &#8211; m &#8211; Y\u00bb show_thumbnail=\u00bbon\u00bb show_content=\u00bboff\u00bb show_more=\u00bboff\u00bb show_author=\u00bboff\u00bb show_date=\u00bbon\u00bb show_categories=\u00bbon\u00bb show_pagination=\u00bbon\u00bb background_layout=\u00bblight\u00bb show_comments=\u00bboff\u00bb offset_number=\u00bb0&#8243; use_dropshadow=\u00bboff\u00bb use_border_color=\u00bboff\u00bb border_color=\u00bb#ffffff\u00bb border_style=\u00bbsolid\u00bb] [\/et_pb_blog][\/et_pb_column][\/et_pb_row][\/et_pb_section][et_pb_section admin_label=\u00bbSection\u00bb global_module=\u00bb389&#8243; fullwidth=\u00bboff\u00bb specialty=\u00bboff\u00bb transparent_background=\u00bboff\u00bb background_color=\u00bb#313131&#8243; allow_player_pause=\u00bboff\u00bb inner_shadow=\u00bboff\u00bb parallax=\u00bboff\u00bb parallax_method=\u00bboff\u00bb padding_mobile=\u00bboff\u00bb make_fullwidth=\u00bboff\u00bb use_custom_width=\u00bboff\u00bb width_unit=\u00bbon\u00bb make_equal=\u00bboff\u00bb use_custom_gutter=\u00bboff\u00bb custom_padding=\u00bb|\u00bb][et_pb_row global_parent=\u00bb389&#8243; admin_label=\u00bbRow\u00bb make_fullwidth=\u00bbon\u00bb use_custom_width=\u00bboff\u00bb width_unit=\u00bbon\u00bb use_custom_gutter=\u00bboff\u00bb padding_mobile=\u00bboff\u00bb allow_player_pause=\u00bboff\u00bb parallax=\u00bboff\u00bb parallax_method=\u00bboff\u00bb make_equal=\u00bboff\u00bb column_padding_mobile=\u00bbon\u00bb][et_pb_column type=\u00bb1_2&#8243;][et_pb_blurb global_parent=\u00bb389&#8243; admin_label=\u00bbBlurb\u00bb title=\u00bbCONTACTE\u00bb url_new_window=\u00bboff\u00bb use_icon=\u00bbon\u00bb font_icon=\u00bb%%259%%\u00bb icon_color=\u00bb#ffffff\u00bb use_circle=\u00bbon\u00bb circle_color=\u00bb#92d800&#8243; use_circle_border=\u00bboff\u00bb circle_border_color=\u00bb#7EBEC5&#8243; icon_placement=\u00bbleft\u00bb animation=\u00bboff\u00bb background_layout=\u00bbdark\u00bb text_orientation=\u00bbleft\u00bb use_icon_font_size=\u00bbon\u00bb use_border_color=\u00bboff\u00bb border_color=\u00bb#ffffff\u00bb border_style=\u00bbsolid\u00bb custom_margin=\u00bb10px|50px|50px|50px\u00bb icon_font_size=\u00bb18&#8243; header_text_color=\u00bb#92d800&#8243;] Dedicats a la recuperaci\u00f3 i prevenci\u00f3 de recaigudes en conductes actives i en ajudar a l&#8217;addicte a mantenir-se ferm en el seu prop\u00f2sit.<\/p>\n<p><strong>Xavier Val\u00e9s<\/strong> \u00b7 Direcci\u00f3 terap\u00e8utica<br \/>\nM 679 983 760<\/p>\n<p>Ctra. Barcelona, 5, 3r-1a 17001 Girona<br \/>\ninfo@uphill.cat [\/et_pb_blurb][\/et_pb_column][et_pb_column type=\u00bb1_2&#8243;][et_pb_map global_parent=\u00bb389&#8243; admin_label=\u00bbMap\u00bb zoom_level=\u00bb12&#8243; address_lat=\u00bb41.983192645795604&#8243; address_lng=\u00bb2.8184859075485065&#8243; mouse_wheel=\u00bboff\u00bb use_grayscale_filter=\u00bboff\u00bb] [et_pb_map_pin title=\u00bbUpHill\u00bb pin_address=\u00bbCarrer Barcelona, 5, 17002 Girona, Girona, Espanya\u00bb pin_address_lat=\u00bb41.98115869999999&#8243; pin_address_lng=\u00bb2.8190065000000004&#8243;]<\/p>\n<p>Carretera Barcelona, 5, 3r 1a 17001 Girona Telf: 679 983 760<\/p>\n<p>[\/et_pb_map_pin] [\/et_pb_map][\/et_pb_column][\/et_pb_row][\/et_pb_section]<\/p>\n","protected":false},"excerpt":{"rendered":"<p>Dedicats a la recuperaci\u00f3 i prevenci\u00f3 de recaigudes en conductes actives i en ajudar a l&#8217;addicte a mantenir-se ferm en el seu prop\u00f2sit. Xavier Val\u00e9s \u00b7 Direcci\u00f3 terap\u00e8utica M 679 983 760 Ctra. Barcelona, 5, 3r-1a 17001 Girona info@uphill.cat Carretera Barcelona, 5, 3r 1a 17001 Girona Telf: 679 983 760<\/p>\n","protected":false},"author":1,"featured_media":0,"parent":0,"menu_order":0,"comment_status":"open","ping_status":"closed","template":"","meta":{"_et_pb_use_builder":"on","_et_pb_old_content":"<p>[et_pb_section][et_pb_row][et_pb_column type=\"4_4\"][et_pb_blog admin_label=\"Blog\" fullwidth=\"off\" posts_number=\"10\" meta_date=\"d - m - Y\" show_thumbnail=\"on\" show_content=\"off\" show_more=\"off\" show_author=\"off\" show_date=\"on\" show_categories=\"on\" show_pagination=\"on\" background_layout=\"light\" \/][\/et_pb_column][\/et_pb_row][\/et_pb_section]<\/p>","_et_gb_content_width":"","wp_popup_display_lightbox":0,"wp_popup_suppress":"","wp_popup_trigger":"","wp_popup_trigger_amount":0,"wp_popup_disable_on_mobile":false,"footnotes":""},"class_list":["post-169","page","type-page","status-publish","hentry"],"_links":{"self":[{"href":"https:\/\/uphill.cat\/es\/wp-json\/wp\/v2\/pages\/169","targetHints":{"allow":["GET"]}}],"collection":[{"href":"https:\/\/uphill.cat\/es\/wp-json\/wp\/v2\/pages"}],"about":[{"href":"https:\/\/uphill.cat\/es\/wp-json\/wp\/v2\/types\/page"}],"author":[{"embeddable":true,"href":"https:\/\/uphill.cat\/es\/wp-json\/wp\/v2\/users\/1"}],"replies":[{"embeddable":true,"href":"https:\/\/uphill.cat\/es\/wp-json\/wp\/v2\/comments?post=169"}],"version-history":[{"count":4,"href":"https:\/\/uphill.cat\/es\/wp-json\/wp\/v2\/pages\/169\/revisions"}],"predecessor-version":[{"id":3495,"href":"https:\/\/uphill.cat\/es\/wp-json\/wp\/v2\/pages\/169\/revisions\/3495"}],"wp:attachment":[{"href":"https:\/\/uphill.cat\/es\/wp-json\/wp\/v2\/media?parent=169"}],"curies":[{"name":"wp","href":"https:\/\/api.w.org\/{rel}","templated":true}]}}